{"id":18,"date":"2020-03-11T08:58:18","date_gmt":"2020-03-11T08:58:18","guid":{"rendered":"http:\/\/tb-plomberie-conflans.fr\/?page_id=18"},"modified":"2023-11-16T20:31:49","modified_gmt":"2023-11-16T19:31:49","slug":"central-heating","status":"publish","type":"page","link":"https:\/\/tb-plomberie-conflans.fr\/index.php\/services\/central-heating\/","title":{"rendered":"R\u00e9novation de Salles de Bains et de Cuisines"},"content":{"rendered":"<div class=\"fusion-fullwidth fullwidth-box fusion-builder-row-1 fusion-flex-container nonhundred-percent-fullwidth non-hundred-percent-height-scrolling\" style=\"--awb-border-radius-top-left:0px;--awb-border-radius-top-right:0px;--awb-border-radius-bottom-right:0px;--awb-border-radius-bottom-left:0px;--awb-padding-right:0px;--awb-padding-left:0px;--awb-flex-wrap:wrap;\" ><div class=\"fusion-builder-row fusion-row fusion-flex-align-items-flex-start fusion-flex-content-wrap\" style=\"max-width:1185.6px;margin-left: calc(-4% \/ 2 );margin-right: calc(-4% \/ 2 );\"><div class=\"fusion-layout-column fusion_builder_column fusion-builder-column-0 fusion_builder_column_1_1 1_1 fusion-flex-column fusion-animated\" style=\"--awb-padding-top:40px;--awb-padding-right:40px;--awb-padding-bottom:40px;--awb-padding-left:40px;--awb-overflow:hidden;--awb-bg-position:left center;--awb-bg-size:cover;--awb-border-radius:8px 8px 8px 8px;--awb-width-large:100%;--awb-margin-top-large:0px;--awb-spacing-right-large:1.92%;--awb-margin-bottom-large:30px;--awb-spacing-left-large:1.92%;--awb-width-medium:100%;--awb-spacing-right-medium:1.92%;--awb-spacing-left-medium:1.92%;--awb-width-small:100%;--awb-spacing-right-small:1.92%;--awb-spacing-left-small:1.92%;\" data-animationType=\"fadeInUp\" data-animationDuration=\"1.0\" data-animationOffset=\"top-into-view\"><div class=\"fusion-column-wrapper lazyload fusion-column-has-shadow fusion-flex-justify-content-center fusion-content-layout-column fusion-column-has-bg-image\" data-bg-url=\"https:\/\/tb-plomberie-conflans.fr\/wp-content\/uploads\/2020\/03\/24-hour-callout-background.jpg\" data-bg=\"https:\/\/tb-plomberie-conflans.fr\/wp-content\/uploads\/2020\/03\/24-hour-callout-background.jpg\"><div class=\"fusion-builder-row fusion-builder-row-inner fusion-row fusion-flex-align-items-flex-start fusion-flex-content-wrap\" style=\"width:104% !important;max-width:104% !important;margin-left: calc(-4% \/ 2 );margin-right: calc(-4% \/ 2 );\"><div class=\"fusion-layout-column fusion_builder_column_inner fusion-builder-nested-column-0 fusion_builder_column_inner_1_2 1_2 fusion-flex-column fusion-no-small-visibility fusion-no-medium-visibility\" style=\"--awb-bg-size:cover;--awb-width-large:50%;--awb-margin-top-large:0px;--awb-spacing-right-large:3.84%;--awb-margin-bottom-large:0px;--awb-spacing-left-large:3.84%;--awb-width-medium:100%;--awb-spacing-right-medium:1.92%;--awb-spacing-left-medium:1.92%;--awb-width-small:100%;--awb-spacing-right-small:1.92%;--awb-spacing-left-small:1.92%;\"><div class=\"fusion-column-wrapper fusion-column-has-shadow fusion-flex-justify-content-center fusion-content-layout-column\"><div class=\"fusion-title title fusion-title-1 fusion-sep-none fusion-title-text fusion-title-size-two\" style=\"--awb-text-color:var(--awb-color1);--awb-margin-top:0px;--awb-margin-bottom:0px;--awb-margin-top-small:0px;--awb-margin-bottom-small:0px;--awb-font-size:2.2em;\"><h2 class=\"fusion-title-heading title-heading-left fusion-responsive-typography-calculated\" style=\"margin:0;font-size:1em;text-transform:capitalize;--fontSize:35.2;line-height:1.2;\">24H\/24<\/h2><\/div><\/div><\/div><div class=\"fusion-layout-column fusion_builder_column_inner fusion-builder-nested-column-1 fusion_builder_column_inner_1_2 1_2 fusion-flex-column fusion-no-small-visibility fusion-no-medium-visibility\" style=\"--awb-bg-size:cover;--awb-width-large:50%;--awb-margin-top-large:0px;--awb-spacing-right-large:3.84%;--awb-margin-bottom-large:0px;--awb-spacing-left-large:3.84%;--awb-width-medium:100%;--awb-spacing-right-medium:1.92%;--awb-spacing-left-medium:1.92%;--awb-width-small:100%;--awb-spacing-right-small:1.92%;--awb-spacing-left-small:1.92%;\"><div class=\"fusion-column-wrapper fusion-column-has-shadow fusion-flex-justify-content-center fusion-content-layout-column\"><div style=\"text-align:right;\"><a class=\"fusion-button button-flat fusion-button-default-size button-custom fusion-button-default button-1 fusion-button-default-span fusion-button-default-type\" style=\"--button_accent_color:var(--awb-color5);--button_border_color:var(--awb-color5);--button_accent_hover_color:var(--awb-color1);--button_border_hover_color:var(--awb-color1);--button_gradient_top_color:var(--awb-color1);--button_gradient_bottom_color:var(--awb-color1);--button_gradient_top_color_hover:var(--awb-color5);--button_gradient_bottom_color_hover:var(--awb-color5);\" target=\"_self\" title=\"Explore All Of Our Services\" aria-label=\"Explore All Of Our Services\"><span class=\"fusion-button-text\">APPELEZ NOUS : 06 28 92 03 71<\/span><\/a><\/div><\/div><\/div><\/div><div class=\"fusion-builder-row fusion-builder-row-inner fusion-row fusion-flex-align-items-flex-start fusion-flex-content-wrap\" style=\"width:104% !important;max-width:104% !important;margin-left: calc(-4% \/ 2 );margin-right: calc(-4% \/ 2 );\"><div class=\"fusion-layout-column fusion_builder_column_inner fusion-builder-nested-column-2 fusion_builder_column_inner_1_2 1_2 fusion-flex-column fusion-no-large-visibility\" style=\"--awb-bg-size:cover;--awb-width-large:50%;--awb-margin-top-large:0px;--awb-spacing-right-large:3.84%;--awb-margin-bottom-large:0px;--awb-spacing-left-large:3.84%;--awb-width-medium:100%;--awb-spacing-right-medium:1.92%;--awb-spacing-left-medium:1.92%;--awb-width-small:100%;--awb-spacing-right-small:1.92%;--awb-spacing-left-small:1.92%;\"><div class=\"fusion-column-wrapper fusion-column-has-shadow fusion-flex-justify-content-center fusion-content-layout-column\"><div class=\"fusion-title title fusion-title-2 fusion-sep-none fusion-title-center fusion-title-text fusion-title-size-two\" style=\"--awb-text-color:var(--awb-color1);--awb-margin-top:0px;--awb-margin-bottom:0px;--awb-margin-top-small:0px;--awb-margin-bottom-small:30px;--awb-margin-bottom-medium:20px;--awb-font-size:2.2em;\"><h2 class=\"fusion-title-heading title-heading-center fusion-responsive-typography-calculated\" style=\"margin:0;font-size:1em;text-transform:capitalize;--fontSize:35.2;line-height:1.2;\">24H\/24<\/h2><\/div><\/div><\/div><div class=\"fusion-layout-column fusion_builder_column_inner fusion-builder-nested-column-3 fusion_builder_column_inner_1_2 1_2 fusion-flex-column fusion-no-large-visibility\" style=\"--awb-bg-size:cover;--awb-width-large:50%;--awb-margin-top-large:0px;--awb-spacing-right-large:3.84%;--awb-margin-bottom-large:0px;--awb-spacing-left-large:3.84%;--awb-width-medium:100%;--awb-spacing-right-medium:1.92%;--awb-spacing-left-medium:1.92%;--awb-width-small:100%;--awb-spacing-right-small:1.92%;--awb-spacing-left-small:1.92%;\"><div class=\"fusion-column-wrapper fusion-column-has-shadow fusion-flex-justify-content-center fusion-content-layout-column\"><div style=\"text-align:center;\"><a class=\"fusion-button button-flat fusion-button-default-size button-custom fusion-button-default button-2 fusion-button-default-span fusion-button-default-type\" style=\"--button_accent_color:var(--awb-color5);--button_border_color:var(--awb-color5);--button_accent_hover_color:var(--awb-color1);--button_border_hover_color:var(--awb-color1);--button_gradient_top_color:var(--awb-color1);--button_gradient_bottom_color:var(--awb-color1);--button_gradient_top_color_hover:var(--awb-color5);--button_gradient_bottom_color_hover:var(--awb-color5);\" target=\"_self\" title=\"Explore All Of Our Services\" aria-label=\"Explore All Of Our Services\"><span class=\"fusion-button-text\">APPELEZ NOUS : 06 28 92 03 71<\/span><\/a><\/div><\/div><\/div><\/div><\/div><\/div><div class=\"fusion-layout-column fusion_builder_column fusion-builder-column-1 fusion_builder_column_1_1 1_1 fusion-flex-column fusion-animated\" style=\"--awb-bg-size:cover;--awb-width-large:100%;--awb-margin-top-large:0px;--awb-spacing-right-large:1.92%;--awb-margin-bottom-large:20px;--awb-spacing-left-large:1.92%;--awb-width-medium:100%;--awb-spacing-right-medium:1.92%;--awb-spacing-left-medium:1.92%;--awb-width-small:100%;--awb-spacing-right-small:1.92%;--awb-spacing-left-small:1.92%;\" data-animationType=\"fadeInUp\" data-animationDuration=\"1.0\" data-animationOffset=\"top-into-view\"><div class=\"fusion-column-wrapper fusion-column-has-shadow fusion-flex-justify-content-flex-start fusion-content-layout-column\"><div class=\"fusion-image-element \" style=\"--awb-caption-title-font-family:var(--h2_typography-font-family);--awb-caption-title-font-weight:var(--h2_typography-font-weight);--awb-caption-title-font-style:var(--h2_typography-font-style);--awb-caption-title-size:var(--h2_typography-font-size);--awb-caption-title-transform:var(--h2_typography-text-transform);--awb-caption-title-line-height:var(--h2_typography-line-height);--awb-caption-title-letter-spacing:var(--h2_typography-letter-spacing);\"><span class=\" fusion-imageframe imageframe-none imageframe-1 hover-type-none\" style=\"border-radius:8px;\"><img decoding=\"async\" width=\"716\" height=\"535\" alt=\"work-wetroom-snap-2\" title=\"Wetroom Matching Sink\" src=\"data:image\/svg+xml,%3Csvg%20xmlns%3D%27http%3A%2F%2Fwww.w3.org%2F2000%2Fsvg%27%20width%3D%27716%27%20height%3D%27535%27%20viewBox%3D%270%200%20716%20535%27%3E%3Crect%20width%3D%27716%27%20height%3D%27535%27%20fill-opacity%3D%220%22%2F%3E%3C%2Fsvg%3E\" data-orig-src=\"https:\/\/tb-plomberie-conflans.fr\/wp-content\/uploads\/2020\/03\/work-wetroom-snap-2.jpg\" class=\"lazyload img-responsive wp-image-502\"\/><\/span><\/div><div class=\"fusion-title title fusion-title-3 fusion-sep-none fusion-title-text fusion-title-size-three\" style=\"--awb-margin-top:40px;--awb-margin-bottom:30px;--awb-margin-top-small:40px;--awb-margin-bottom-small:30px;\"><h3 class=\"fusion-title-heading title-heading-left fusion-responsive-typography-calculated\" style=\"margin:0;text-transform:capitalize;--fontSize:28;line-height:1.2;\"><\/h3><\/div><div class=\"fusion-text fusion-text-1\"><h2>R\u00e9novation de Salles de Bains<\/h2>\n<h3>Conception Personnalis\u00e9e<\/h3>\n<p>Nous collaborons avec vous pour concevoir une salle de bains qui r\u00e9pond \u00e0 vos besoins et \u00e0 votre style de vie. Que vous recherchiez une ambiance spa, une salle de bains moderne ou une salle de bains accessible, nous pouvons r\u00e9aliser une conception personnalis\u00e9e qui vous convient.<\/p>\n<h3>Installation de Sanitaires<\/h3>\n<p>Notre \u00e9quipe installe avec soin tous les \u00e9l\u00e9ments sanitaires, y compris les baignoires, les douches, les lavabos, les toilettes et les accessoires. Nous veillons \u00e0 ce que tout fonctionne correctement et respecte les normes de qualit\u00e9.<\/p>\n<h3>Rev\u00eatements et Carrelages<\/h3>\n<p>Des carrelages \u00e9l\u00e9gants aux rev\u00eatements de sol durables, nous offrons une gamme de mat\u00e9riaux de qualit\u00e9 pour donner \u00e0 votre salle de bains une apparence exceptionnelle. Nous assurons \u00e9galement une installation pr\u00e9cise pour une durabilit\u00e9 maximale.<\/p>\n<h2>R\u00e9novation de Cuisines<\/h2>\n<h3>Optimisation de l&#8217;Espace<\/h3>\n<p>Pour les cuisines, nous nous sp\u00e9cialisons dans l&#8217;optimisation de l&#8217;espace pour cr\u00e9er une cuisine fonctionnelle et esth\u00e9tique. Des agencements intelligents aux solutions de stockage, nous maximisons l&#8217;utilisation de chaque centim\u00e8tre carr\u00e9.<\/p>\n<h3>Installation d&#8217;\u00c9quipements<\/h3>\n<p>Que vous ayez besoin d&#8217;installer de nouveaux appareils \u00e9lectrom\u00e9nagers, des \u00e9viers, des robinets ou des plans de travail, notre \u00e9quipe s&#8217;assure que tout est install\u00e9 correctement et fonctionne de mani\u00e8re optimale.<\/p>\n<h3>Rev\u00eatements de Sol et Mur<\/h3>\n<p>Nous proposons une vari\u00e9t\u00e9 de rev\u00eatements de sol et de mur pour compl\u00e9ter le style de votre cuisine. Que vous pr\u00e9f\u00e9riez des carreaux, du bois ou des mat\u00e9riaux modernes, nous avons des options pour tous les go\u00fbts.<\/p>\n<h2>Pourquoi Choisir TB Plomberie pour votre R\u00e9novation?<\/h2>\n<ul>\n<li><strong>Exp\u00e9rience :<\/strong> Plus de 8 ans d&#8217;exp\u00e9rience dans la plomberie et la r\u00e9novation.<\/li>\n<li><strong>Conception Personnalis\u00e9e :<\/strong> Des solutions adapt\u00e9es \u00e0 vos besoins et \u00e0 votre style.<\/li>\n<li><strong>Qualit\u00e9 :<\/strong> Des mat\u00e9riaux de qualit\u00e9 et une installation pr\u00e9cise.<\/li>\n<li><strong>Service Client :<\/strong> Engagement envers votre satisfaction.<\/li>\n<\/ul>\n<p>Transformez vos espaces avec les services de r\u00e9novation de salles de bains et de cuisines de TB Plomberie. Contactez-nous d\u00e8s aujourd&#8217;hui pour discuter de votre projet et obtenir une estimation personnalis\u00e9e.<\/p>\n<\/div><\/div><\/div><\/div><\/div>\n","protected":false},"excerpt":{"rendered":"","protected":false},"author":1,"featured_media":248,"parent":14,"menu_order":0,"comment_status":"closed","ping_status":"closed","template":"100-width.php","meta":{"_bbp_topic_count":0,"_bbp_reply_count":0,"_bbp_total_topic_count":0,"_bbp_total_reply_count":0,"_bbp_voice_count":0,"_bbp_anonymous_reply_count":0,"_bbp_topic_count_hidden":0,"_bbp_reply_count_hidden":0,"_bbp_forum_subforum_count":0,"footnotes":""},"class_list":["post-18","page","type-page","status-publish","has-post-thumbnail","hentry"],"acf":[],"yoast_head":"<!-- This site is optimized with the Yoast SEO plugin v21.5 - https:\/\/yoast.com\/wordpress\/plugins\/seo\/ -->\n<title>R\u00e9novation de Salles de Bains et de Cuisines - TB PLOMBERIE<\/title>\n<meta name=\"robots\" content=\"index, follow, max-snippet:-1, max-image-preview:large, max-video-preview:-1\" \/>\n<link rel=\"canonical\" href=\"https:\/\/tb-plomberie-conflans.fr\/index.php\/services\/central-heating\/\" \/>\n<meta property=\"og:locale\" content=\"en_US\" \/>\n<meta property=\"og:type\" content=\"article\" \/>\n<meta property=\"og:title\" content=\"R\u00e9novation de Salles de Bains et de Cuisines - TB PLOMBERIE\" \/>\n<meta property=\"og:url\" content=\"https:\/\/tb-plomberie-conflans.fr\/index.php\/services\/central-heating\/\" \/>\n<meta property=\"og:site_name\" content=\"TB PLOMBERIE\" \/>\n<meta property=\"article:modified_time\" content=\"2023-11-16T19:31:49+00:00\" \/>\n<meta property=\"og:image\" content=\"https:\/\/tb-plomberie-conflans.fr\/wp-content\/uploads\/2020\/03\/central-heating-feature-image-scaled-1.jpg\" \/>\n\t<meta property=\"og:image:width\" content=\"2560\" \/>\n\t<meta property=\"og:image:height\" content=\"1017\" \/>\n\t<meta property=\"og:image:type\" content=\"image\/jpeg\" \/>\n<meta name=\"twitter:card\" content=\"summary_large_image\" \/>\n<meta name=\"twitter:label1\" content=\"Est. reading time\" \/>\n\t<meta name=\"twitter:data1\" content=\"4 minutes\" \/>\n<script type=\"application\/ld+json\" class=\"yoast-schema-graph\">{\"@context\":\"https:\/\/schema.org\",\"@graph\":[{\"@type\":\"WebPage\",\"@id\":\"https:\/\/tb-plomberie-conflans.fr\/index.php\/services\/central-heating\/\",\"url\":\"https:\/\/tb-plomberie-conflans.fr\/index.php\/services\/central-heating\/\",\"name\":\"R\u00e9novation de Salles de Bains et de Cuisines - TB PLOMBERIE\",\"isPartOf\":{\"@id\":\"https:\/\/tb-plomberie-conflans.fr\/#website\"},\"datePublished\":\"2020-03-11T08:58:18+00:00\",\"dateModified\":\"2023-11-16T19:31:49+00:00\",\"breadcrumb\":{\"@id\":\"https:\/\/tb-plomberie-conflans.fr\/index.php\/services\/central-heating\/#breadcrumb\"},\"inLanguage\":\"en-US\",\"potentialAction\":[{\"@type\":\"ReadAction\",\"target\":[\"https:\/\/tb-plomberie-conflans.fr\/index.php\/services\/central-heating\/\"]}]},{\"@type\":\"BreadcrumbList\",\"@id\":\"https:\/\/tb-plomberie-conflans.fr\/index.php\/services\/central-heating\/#breadcrumb\",\"itemListElement\":[{\"@type\":\"ListItem\",\"position\":1,\"name\":\"Home\",\"item\":\"https:\/\/tb-plomberie-conflans.fr\/\"},{\"@type\":\"ListItem\",\"position\":2,\"name\":\"Services\",\"item\":\"https:\/\/tb-plomberie-conflans.fr\/index.php\/services\/\"},{\"@type\":\"ListItem\",\"position\":3,\"name\":\"R\u00e9novation de Salles de Bains et de Cuisines\"}]},{\"@type\":\"WebSite\",\"@id\":\"https:\/\/tb-plomberie-conflans.fr\/#website\",\"url\":\"https:\/\/tb-plomberie-conflans.fr\/\",\"name\":\"TB PLOMBERIE\",\"description\":\"Plombier \u00e0 Conflans Sainte Honorine (78)\",\"potentialAction\":[{\"@type\":\"SearchAction\",\"target\":{\"@type\":\"EntryPoint\",\"urlTemplate\":\"https:\/\/tb-plomberie-conflans.fr\/?s={search_term_string}\"},\"query-input\":\"required name=search_term_string\"}],\"inLanguage\":\"en-US\"}]}<\/script>\n<!-- \/ Yoast SEO plugin. -->","yoast_head_json":{"title":"R\u00e9novation de Salles de Bains et de Cuisines - TB PLOMBERIE","robots":{"index":"index","follow":"follow","max-snippet":"max-snippet:-1","max-image-preview":"max-image-preview:large","max-video-preview":"max-video-preview:-1"},"canonical":"https:\/\/tb-plomberie-conflans.fr\/index.php\/services\/central-heating\/","og_locale":"en_US","og_type":"article","og_title":"R\u00e9novation de Salles de Bains et de Cuisines - TB PLOMBERIE","og_url":"https:\/\/tb-plomberie-conflans.fr\/index.php\/services\/central-heating\/","og_site_name":"TB PLOMBERIE","article_modified_time":"2023-11-16T19:31:49+00:00","og_image":[{"width":2560,"height":1017,"url":"https:\/\/tb-plomberie-conflans.fr\/wp-content\/uploads\/2020\/03\/central-heating-feature-image-scaled-1.jpg","type":"image\/jpeg"}],"twitter_card":"summary_large_image","twitter_misc":{"Est. reading time":"4 minutes"},"schema":{"@context":"https:\/\/schema.org","@graph":[{"@type":"WebPage","@id":"https:\/\/tb-plomberie-conflans.fr\/index.php\/services\/central-heating\/","url":"https:\/\/tb-plomberie-conflans.fr\/index.php\/services\/central-heating\/","name":"R\u00e9novation de Salles de Bains et de Cuisines - TB PLOMBERIE","isPartOf":{"@id":"https:\/\/tb-plomberie-conflans.fr\/#website"},"datePublished":"2020-03-11T08:58:18+00:00","dateModified":"2023-11-16T19:31:49+00:00","breadcrumb":{"@id":"https:\/\/tb-plomberie-conflans.fr\/index.php\/services\/central-heating\/#breadcrumb"},"inLanguage":"en-US","potentialAction":[{"@type":"ReadAction","target":["https:\/\/tb-plomberie-conflans.fr\/index.php\/services\/central-heating\/"]}]},{"@type":"BreadcrumbList","@id":"https:\/\/tb-plomberie-conflans.fr\/index.php\/services\/central-heating\/#breadcrumb","itemListElement":[{"@type":"ListItem","position":1,"name":"Home","item":"https:\/\/tb-plomberie-conflans.fr\/"},{"@type":"ListItem","position":2,"name":"Services","item":"https:\/\/tb-plomberie-conflans.fr\/index.php\/services\/"},{"@type":"ListItem","position":3,"name":"R\u00e9novation de Salles de Bains et de Cuisines"}]},{"@type":"WebSite","@id":"https:\/\/tb-plomberie-conflans.fr\/#website","url":"https:\/\/tb-plomberie-conflans.fr\/","name":"TB PLOMBERIE","description":"Plombier \u00e0 Conflans Sainte Honorine (78)","potentialAction":[{"@type":"SearchAction","target":{"@type":"EntryPoint","urlTemplate":"https:\/\/tb-plomberie-conflans.fr\/?s={search_term_string}"},"query-input":"required name=search_term_string"}],"inLanguage":"en-US"}]}},"_links":{"self":[{"href":"https:\/\/tb-plomberie-conflans.fr\/index.php\/wp-json\/wp\/v2\/pages\/18","targetHints":{"allow":["GET"]}}],"collection":[{"href":"https:\/\/tb-plomberie-conflans.fr\/index.php\/wp-json\/wp\/v2\/pages"}],"about":[{"href":"https:\/\/tb-plomberie-conflans.fr\/index.php\/wp-json\/wp\/v2\/types\/page"}],"author":[{"embeddable":true,"href":"https:\/\/tb-plomberie-conflans.fr\/index.php\/wp-json\/wp\/v2\/users\/1"}],"replies":[{"embeddable":true,"href":"https:\/\/tb-plomberie-conflans.fr\/index.php\/wp-json\/wp\/v2\/comments?post=18"}],"version-history":[{"count":4,"href":"https:\/\/tb-plomberie-conflans.fr\/index.php\/wp-json\/wp\/v2\/pages\/18\/revisions"}],"predecessor-version":[{"id":1009,"href":"https:\/\/tb-plomberie-conflans.fr\/index.php\/wp-json\/wp\/v2\/pages\/18\/revisions\/1009"}],"up":[{"embeddable":true,"href":"https:\/\/tb-plomberie-conflans.fr\/index.php\/wp-json\/wp\/v2\/pages\/14"}],"wp:featuredmedia":[{"embeddable":true,"href":"https:\/\/tb-plomberie-conflans.fr\/index.php\/wp-json\/wp\/v2\/media\/248"}],"wp:attachment":[{"href":"https:\/\/tb-plomberie-conflans.fr\/index.php\/wp-json\/wp\/v2\/media?parent=18"}],"curies":[{"name":"wp","href":"https:\/\/api.w.org\/{rel}","templated":true}]}}