{"id":26,"date":"2020-03-11T09:01:47","date_gmt":"2020-03-11T09:01:47","guid":{"rendered":"http:\/\/tb-plomberie-conflans.fr\/?page_id=26"},"modified":"2023-11-14T03:33:37","modified_gmt":"2023-11-14T02:33:37","slug":"drainage-services","status":"publish","type":"page","link":"https:\/\/tb-plomberie-conflans.fr\/index.php\/services\/drainage-services\/","title":{"rendered":"D\u00e9tection et R\u00e9paration de Fuites"},"content":{"rendered":"<div class=\"fusion-fullwidth fullwidth-box fusion-builder-row-1 fusion-flex-container nonhundred-percent-fullwidth non-hundred-percent-height-scrolling\" style=\"--awb-border-radius-top-left:0px;--awb-border-radius-top-right:0px;--awb-border-radius-bottom-right:0px;--awb-border-radius-bottom-left:0px;--awb-padding-right:0px;--awb-padding-left:0px;--awb-flex-wrap:wrap;\" ><div class=\"fusion-builder-row fusion-row fusion-flex-align-items-flex-start fusion-flex-content-wrap\" style=\"max-width:1185.6px;margin-left: calc(-4% \/ 2 );margin-right: calc(-4% \/ 2 );\"><div class=\"fusion-layout-column fusion_builder_column fusion-builder-column-0 fusion_builder_column_1_1 1_1 fusion-flex-column fusion-animated\" style=\"--awb-padding-top:40px;--awb-padding-right:40px;--awb-padding-bottom:40px;--awb-padding-left:40px;--awb-overflow:hidden;--awb-bg-position:left center;--awb-bg-size:cover;--awb-border-radius:8px 8px 8px 8px;--awb-width-large:100%;--awb-margin-top-large:0px;--awb-spacing-right-large:1.92%;--awb-margin-bottom-large:30px;--awb-spacing-left-large:1.92%;--awb-width-medium:100%;--awb-spacing-right-medium:1.92%;--awb-spacing-left-medium:1.92%;--awb-width-small:100%;--awb-spacing-right-small:1.92%;--awb-spacing-left-small:1.92%;\" data-animationType=\"fadeInUp\" data-animationDuration=\"1.0\" data-animationOffset=\"top-into-view\"><div class=\"fusion-column-wrapper lazyload fusion-column-has-shadow fusion-flex-justify-content-center fusion-content-layout-column fusion-column-has-bg-image\" data-bg-url=\"https:\/\/tb-plomberie-conflans.fr\/wp-content\/uploads\/2020\/03\/24-hour-callout-background.jpg\" data-bg=\"https:\/\/tb-plomberie-conflans.fr\/wp-content\/uploads\/2020\/03\/24-hour-callout-background.jpg\"><div class=\"fusion-builder-row fusion-builder-row-inner fusion-row fusion-flex-align-items-flex-start fusion-flex-content-wrap\" style=\"width:104% !important;max-width:104% !important;margin-left: calc(-4% \/ 2 );margin-right: calc(-4% \/ 2 );\"><div class=\"fusion-layout-column fusion_builder_column_inner fusion-builder-nested-column-0 fusion_builder_column_inner_1_2 1_2 fusion-flex-column fusion-no-small-visibility fusion-no-medium-visibility\" style=\"--awb-bg-size:cover;--awb-width-large:50%;--awb-margin-top-large:0px;--awb-spacing-right-large:3.84%;--awb-margin-bottom-large:0px;--awb-spacing-left-large:3.84%;--awb-width-medium:100%;--awb-spacing-right-medium:1.92%;--awb-spacing-left-medium:1.92%;--awb-width-small:100%;--awb-spacing-right-small:1.92%;--awb-spacing-left-small:1.92%;\"><div class=\"fusion-column-wrapper fusion-column-has-shadow fusion-flex-justify-content-center fusion-content-layout-column\"><div class=\"fusion-title title fusion-title-1 fusion-sep-none fusion-title-text fusion-title-size-two\" style=\"--awb-text-color:var(--awb-color1);--awb-margin-top:0px;--awb-margin-bottom:0px;--awb-margin-top-small:0px;--awb-margin-bottom-small:0px;--awb-font-size:2.2em;\"><h2 class=\"fusion-title-heading title-heading-left fusion-responsive-typography-calculated\" style=\"margin:0;font-size:1em;text-transform:capitalize;--fontSize:35.2;line-height:1.2;\">24H\/24<\/h2><\/div><\/div><\/div><div class=\"fusion-layout-column fusion_builder_column_inner fusion-builder-nested-column-1 fusion_builder_column_inner_1_2 1_2 fusion-flex-column fusion-no-small-visibility fusion-no-medium-visibility\" style=\"--awb-bg-size:cover;--awb-width-large:50%;--awb-margin-top-large:0px;--awb-spacing-right-large:3.84%;--awb-margin-bottom-large:0px;--awb-spacing-left-large:3.84%;--awb-width-medium:100%;--awb-spacing-right-medium:1.92%;--awb-spacing-left-medium:1.92%;--awb-width-small:100%;--awb-spacing-right-small:1.92%;--awb-spacing-left-small:1.92%;\"><div class=\"fusion-column-wrapper fusion-column-has-shadow fusion-flex-justify-content-center fusion-content-layout-column\"><div style=\"text-align:right;\"><a class=\"fusion-button button-flat fusion-button-default-size button-custom fusion-button-default button-1 fusion-button-default-span fusion-button-default-type\" style=\"--button_accent_color:var(--awb-color5);--button_border_color:var(--awb-color5);--button_accent_hover_color:var(--awb-color1);--button_border_hover_color:var(--awb-color1);--button_gradient_top_color:var(--awb-color1);--button_gradient_bottom_color:var(--awb-color1);--button_gradient_top_color_hover:var(--awb-color5);--button_gradient_bottom_color_hover:var(--awb-color5);\" target=\"_self\" title=\"Explore All Of Our Services\" aria-label=\"Explore All Of Our Services\"><span class=\"fusion-button-text\">APPELEZ NOUS : 06 28 92 03 71<\/span><\/a><\/div><\/div><\/div><\/div><div class=\"fusion-builder-row fusion-builder-row-inner fusion-row fusion-flex-align-items-flex-start fusion-flex-content-wrap\" style=\"width:104% !important;max-width:104% !important;margin-left: calc(-4% \/ 2 );margin-right: calc(-4% \/ 2 );\"><div class=\"fusion-layout-column fusion_builder_column_inner fusion-builder-nested-column-2 fusion_builder_column_inner_1_2 1_2 fusion-flex-column fusion-no-large-visibility\" style=\"--awb-bg-size:cover;--awb-width-large:50%;--awb-margin-top-large:0px;--awb-spacing-right-large:3.84%;--awb-margin-bottom-large:0px;--awb-spacing-left-large:3.84%;--awb-width-medium:100%;--awb-spacing-right-medium:1.92%;--awb-spacing-left-medium:1.92%;--awb-width-small:100%;--awb-spacing-right-small:1.92%;--awb-spacing-left-small:1.92%;\"><div class=\"fusion-column-wrapper fusion-column-has-shadow fusion-flex-justify-content-center fusion-content-layout-column\"><div class=\"fusion-title title fusion-title-2 fusion-sep-none fusion-title-center fusion-title-text fusion-title-size-two\" style=\"--awb-text-color:var(--awb-color1);--awb-margin-top:0px;--awb-margin-bottom:0px;--awb-margin-top-small:0px;--awb-margin-bottom-small:30px;--awb-margin-bottom-medium:20px;--awb-font-size:2.2em;\"><h2 class=\"fusion-title-heading title-heading-center fusion-responsive-typography-calculated\" style=\"margin:0;font-size:1em;text-transform:capitalize;--fontSize:35.2;line-height:1.2;\">24H\/24<\/h2><\/div><\/div><\/div><div class=\"fusion-layout-column fusion_builder_column_inner fusion-builder-nested-column-3 fusion_builder_column_inner_1_2 1_2 fusion-flex-column fusion-no-large-visibility\" style=\"--awb-bg-size:cover;--awb-width-large:50%;--awb-margin-top-large:0px;--awb-spacing-right-large:3.84%;--awb-margin-bottom-large:0px;--awb-spacing-left-large:3.84%;--awb-width-medium:100%;--awb-spacing-right-medium:1.92%;--awb-spacing-left-medium:1.92%;--awb-width-small:100%;--awb-spacing-right-small:1.92%;--awb-spacing-left-small:1.92%;\"><div class=\"fusion-column-wrapper fusion-column-has-shadow fusion-flex-justify-content-center fusion-content-layout-column\"><div style=\"text-align:center;\"><a class=\"fusion-button button-flat fusion-button-default-size button-custom fusion-button-default button-2 fusion-button-default-span fusion-button-default-type\" style=\"--button_accent_color:var(--awb-color5);--button_border_color:var(--awb-color5);--button_accent_hover_color:var(--awb-color1);--button_border_hover_color:var(--awb-color1);--button_gradient_top_color:var(--awb-color1);--button_gradient_bottom_color:var(--awb-color1);--button_gradient_top_color_hover:var(--awb-color5);--button_gradient_bottom_color_hover:var(--awb-color5);\" target=\"_self\" title=\"Explore All Of Our Services\" aria-label=\"Explore All Of Our Services\"><span class=\"fusion-button-text\">APPELEZ NOUS : 06 28 92 03 71<\/span><\/a><\/div><\/div><\/div><\/div><\/div><\/div><div class=\"fusion-layout-column fusion_builder_column fusion-builder-column-1 fusion_builder_column_1_1 1_1 fusion-flex-column fusion-animated\" style=\"--awb-bg-size:cover;--awb-width-large:100%;--awb-margin-top-large:0px;--awb-spacing-right-large:1.92%;--awb-margin-bottom-large:20px;--awb-spacing-left-large:1.92%;--awb-width-medium:100%;--awb-spacing-right-medium:1.92%;--awb-spacing-left-medium:1.92%;--awb-width-small:100%;--awb-spacing-right-small:1.92%;--awb-spacing-left-small:1.92%;\" data-animationType=\"fadeInUp\" data-animationDuration=\"1.0\" data-animationOffset=\"top-into-view\"><div class=\"fusion-column-wrapper fusion-column-has-shadow fusion-flex-justify-content-flex-start fusion-content-layout-column\"><div class=\"fusion-image-element \" style=\"--awb-caption-title-font-family:var(--h2_typography-font-family);--awb-caption-title-font-weight:var(--h2_typography-font-weight);--awb-caption-title-font-style:var(--h2_typography-font-style);--awb-caption-title-size:var(--h2_typography-font-size);--awb-caption-title-transform:var(--h2_typography-text-transform);--awb-caption-title-line-height:var(--h2_typography-line-height);--awb-caption-title-letter-spacing:var(--h2_typography-letter-spacing);\"><span class=\" fusion-imageframe imageframe-none imageframe-1 hover-type-none\" style=\"border-radius:8px;\"><img decoding=\"async\" width=\"1415\" height=\"1060\" alt=\"drainage\" title=\"Drainage Services\" src=\"data:image\/svg+xml,%3Csvg%20xmlns%3D%27http%3A%2F%2Fwww.w3.org%2F2000%2Fsvg%27%20width%3D%271415%27%20height%3D%271060%27%20viewBox%3D%270%200%201415%201060%27%3E%3Crect%20width%3D%271415%27%20height%3D%271060%27%20fill-opacity%3D%220%22%2F%3E%3C%2Fsvg%3E\" data-orig-src=\"https:\/\/tb-plomberie-conflans.fr\/wp-content\/uploads\/2020\/08\/drainage.jpg\" class=\"lazyload img-responsive wp-image-746\"\/><\/span><\/div><div class=\"fusion-title title fusion-title-3 fusion-sep-none fusion-title-text fusion-title-size-three\" style=\"--awb-margin-top:40px;--awb-margin-bottom:30px;--awb-margin-top-small:40px;--awb-margin-bottom-small:30px;\"><h3 class=\"fusion-title-heading title-heading-left fusion-responsive-typography-calculated\" style=\"margin:0;text-transform:capitalize;--fontSize:28;line-height:1.2;\">D\u00e9tection et R\u00e9paration de Fuites<\/h3><\/div><div class=\"fusion-text fusion-text-1\"><p>Services de D\u00e9tection de Fuites<\/p>\n<p>Technologie de Pointe<br \/>\nNous utilisons des technologies de d\u00e9tection de fuites avanc\u00e9es pour localiser avec pr\u00e9cision les sources de probl\u00e8mes. Cela inclut l&#8217;utilisation de cam\u00e9ras d&#8217;inspection, d&#8217;\u00e9quipements acoustiques et d&#8217;autres outils de pointe pour identifier les fuites, m\u00eame celles qui sont hors de vue.<\/p>\n<p>Inspection Compl\u00e8te<br \/>\nNotre \u00e9quipe r\u00e9alise des inspections compl\u00e8tes de votre syst\u00e8me de plomberie pour identifier les fuites potentielles. Que ce soit dans les tuyaux, les canalisations souterraines ou les installations, nous examinons chaque aspect pour garantir une d\u00e9tection compl\u00e8te.<\/p>\n<p>Rapport D\u00e9taill\u00e9<br \/>\nUne fois la d\u00e9tection effectu\u00e9e, nous vous fournissons un rapport d\u00e9taill\u00e9 des r\u00e9sultats, y compris l&#8217;emplacement exact des fuites. Cela permet une intervention cibl\u00e9e et efficace lors de la r\u00e9paration.<\/p>\n<p>Services de R\u00e9paration de Fuites<\/p>\n<p>R\u00e9paration Rapide<br \/>\nApr\u00e8s la d\u00e9tection, notre \u00e9quipe se mobilise rapidement pour effectuer les r\u00e9parations n\u00e9cessaires. Nous comprenons l&#8217;importance d&#8217;agir rapidement pour minimiser les d\u00e9g\u00e2ts et r\u00e9tablir l&#8217;int\u00e9grit\u00e9 de votre syst\u00e8me de plomberie.<\/p>\n<p>Solutions Durables<br \/>\nNous ne nous contentons pas de r\u00e9parer les fuites de mani\u00e8re temporaire. Nos plombiers qualifi\u00e9s s&#8217;assurent que les r\u00e9parations sont durables, \u00e9vitant ainsi toute r\u00e9currence du probl\u00e8me.<\/p>\n<p>R\u00e9paration d&#8217;Urgence<br \/>\nEn cas de fuite d&#8217;eau grave n\u00e9cessitant une intervention imm\u00e9diate, notre service de r\u00e9paration d&#8217;urgence est disponible 24\/7. Appelez-nous d\u00e8s que vous soup\u00e7onnez une fuite, et nous serons l\u00e0 pour r\u00e9soudre le probl\u00e8me.<\/p>\n<p>Pourquoi Choisir TB Plomberie pour la D\u00e9tection et la R\u00e9paration de Fuites?<\/p>\n<p>Technologie Avanc\u00e9e : Utilisation d&#8217;outils de pointe pour la d\u00e9tection.<br \/>\nR\u00e9activit\u00e9 : Intervention rapide pour minimiser les d\u00e9g\u00e2ts.<br \/>\nR\u00e9parations Durables : Solutions qui \u00e9vitent les r\u00e9currences.<br \/>\nService Client : Engagement envers votre satisfaction.<br \/>\nN&#8217;ignorez pas les signes de fuites d&#8217;eau. Faites appel \u00e0 TB Plomberie pour une d\u00e9tection pr\u00e9cise et des r\u00e9parations rapides. Contactez-nous d\u00e8s aujourd&#8217;hui pour planifier une inspection ou pour une intervention d&#8217;urgence. Votre tranquillit\u00e9 d&#8217;esprit est notre priorit\u00e9.<\/p>\n<\/div><\/div><\/div><\/div><\/div>\n","protected":false},"excerpt":{"rendered":"","protected":false},"author":1,"featured_media":749,"parent":14,"menu_order":0,"comment_status":"closed","ping_status":"closed","template":"100-width.php","meta":{"_bbp_topic_count":0,"_bbp_reply_count":0,"_bbp_total_topic_count":0,"_bbp_total_reply_count":0,"_bbp_voice_count":0,"_bbp_anonymous_reply_count":0,"_bbp_topic_count_hidden":0,"_bbp_reply_count_hidden":0,"_bbp_forum_subforum_count":0,"footnotes":""},"class_list":["post-26","page","type-page","status-publish","has-post-thumbnail","hentry"],"acf":[],"yoast_head":"<!-- This site is optimized with the Yoast SEO plugin v21.5 - https:\/\/yoast.com\/wordpress\/plugins\/seo\/ -->\n<title>D\u00e9tection et R\u00e9paration de Fuites - TB PLOMBERIE<\/title>\n<meta name=\"robots\" content=\"index, follow, max-snippet:-1, max-image-preview:large, max-video-preview:-1\" \/>\n<link rel=\"canonical\" href=\"https:\/\/tb-plomberie-conflans.fr\/index.php\/services\/drainage-services\/\" \/>\n<meta property=\"og:locale\" content=\"en_US\" \/>\n<meta property=\"og:type\" content=\"article\" \/>\n<meta property=\"og:title\" content=\"D\u00e9tection et R\u00e9paration de Fuites - TB PLOMBERIE\" \/>\n<meta property=\"og:url\" content=\"https:\/\/tb-plomberie-conflans.fr\/index.php\/services\/drainage-services\/\" \/>\n<meta property=\"og:site_name\" content=\"TB PLOMBERIE\" \/>\n<meta property=\"article:modified_time\" content=\"2023-11-14T02:33:37+00:00\" \/>\n<meta property=\"og:image\" content=\"https:\/\/tb-plomberie-conflans.fr\/wp-content\/uploads\/2020\/08\/drainage-hero.jpg\" \/>\n\t<meta property=\"og:image:width\" content=\"2560\" \/>\n\t<meta property=\"og:image:height\" content=\"1017\" \/>\n\t<meta property=\"og:image:type\" content=\"image\/jpeg\" \/>\n<meta name=\"twitter:card\" content=\"summary_large_image\" \/>\n<meta name=\"twitter:label1\" content=\"Est. reading time\" \/>\n\t<meta name=\"twitter:data1\" content=\"5 minutes\" \/>\n<script type=\"application\/ld+json\" class=\"yoast-schema-graph\">{\"@context\":\"https:\/\/schema.org\",\"@graph\":[{\"@type\":\"WebPage\",\"@id\":\"https:\/\/tb-plomberie-conflans.fr\/index.php\/services\/drainage-services\/\",\"url\":\"https:\/\/tb-plomberie-conflans.fr\/index.php\/services\/drainage-services\/\",\"name\":\"D\u00e9tection et R\u00e9paration de Fuites - TB PLOMBERIE\",\"isPartOf\":{\"@id\":\"https:\/\/tb-plomberie-conflans.fr\/#website\"},\"datePublished\":\"2020-03-11T09:01:47+00:00\",\"dateModified\":\"2023-11-14T02:33:37+00:00\",\"breadcrumb\":{\"@id\":\"https:\/\/tb-plomberie-conflans.fr\/index.php\/services\/drainage-services\/#breadcrumb\"},\"inLanguage\":\"en-US\",\"potentialAction\":[{\"@type\":\"ReadAction\",\"target\":[\"https:\/\/tb-plomberie-conflans.fr\/index.php\/services\/drainage-services\/\"]}]},{\"@type\":\"BreadcrumbList\",\"@id\":\"https:\/\/tb-plomberie-conflans.fr\/index.php\/services\/drainage-services\/#breadcrumb\",\"itemListElement\":[{\"@type\":\"ListItem\",\"position\":1,\"name\":\"Home\",\"item\":\"https:\/\/tb-plomberie-conflans.fr\/\"},{\"@type\":\"ListItem\",\"position\":2,\"name\":\"Services\",\"item\":\"https:\/\/tb-plomberie-conflans.fr\/index.php\/services\/\"},{\"@type\":\"ListItem\",\"position\":3,\"name\":\"D\u00e9tection et R\u00e9paration de Fuites\"}]},{\"@type\":\"WebSite\",\"@id\":\"https:\/\/tb-plomberie-conflans.fr\/#website\",\"url\":\"https:\/\/tb-plomberie-conflans.fr\/\",\"name\":\"TB PLOMBERIE\",\"description\":\"Plombier \u00e0 Conflans Sainte Honorine (78)\",\"potentialAction\":[{\"@type\":\"SearchAction\",\"target\":{\"@type\":\"EntryPoint\",\"urlTemplate\":\"https:\/\/tb-plomberie-conflans.fr\/?s={search_term_string}\"},\"query-input\":\"required name=search_term_string\"}],\"inLanguage\":\"en-US\"}]}<\/script>\n<!-- \/ Yoast SEO plugin. -->","yoast_head_json":{"title":"D\u00e9tection et R\u00e9paration de Fuites - TB PLOMBERIE","robots":{"index":"index","follow":"follow","max-snippet":"max-snippet:-1","max-image-preview":"max-image-preview:large","max-video-preview":"max-video-preview:-1"},"canonical":"https:\/\/tb-plomberie-conflans.fr\/index.php\/services\/drainage-services\/","og_locale":"en_US","og_type":"article","og_title":"D\u00e9tection et R\u00e9paration de Fuites - TB PLOMBERIE","og_url":"https:\/\/tb-plomberie-conflans.fr\/index.php\/services\/drainage-services\/","og_site_name":"TB PLOMBERIE","article_modified_time":"2023-11-14T02:33:37+00:00","og_image":[{"width":2560,"height":1017,"url":"https:\/\/tb-plomberie-conflans.fr\/wp-content\/uploads\/2020\/08\/drainage-hero.jpg","type":"image\/jpeg"}],"twitter_card":"summary_large_image","twitter_misc":{"Est. reading time":"5 minutes"},"schema":{"@context":"https:\/\/schema.org","@graph":[{"@type":"WebPage","@id":"https:\/\/tb-plomberie-conflans.fr\/index.php\/services\/drainage-services\/","url":"https:\/\/tb-plomberie-conflans.fr\/index.php\/services\/drainage-services\/","name":"D\u00e9tection et R\u00e9paration de Fuites - TB PLOMBERIE","isPartOf":{"@id":"https:\/\/tb-plomberie-conflans.fr\/#website"},"datePublished":"2020-03-11T09:01:47+00:00","dateModified":"2023-11-14T02:33:37+00:00","breadcrumb":{"@id":"https:\/\/tb-plomberie-conflans.fr\/index.php\/services\/drainage-services\/#breadcrumb"},"inLanguage":"en-US","potentialAction":[{"@type":"ReadAction","target":["https:\/\/tb-plomberie-conflans.fr\/index.php\/services\/drainage-services\/"]}]},{"@type":"BreadcrumbList","@id":"https:\/\/tb-plomberie-conflans.fr\/index.php\/services\/drainage-services\/#breadcrumb","itemListElement":[{"@type":"ListItem","position":1,"name":"Home","item":"https:\/\/tb-plomberie-conflans.fr\/"},{"@type":"ListItem","position":2,"name":"Services","item":"https:\/\/tb-plomberie-conflans.fr\/index.php\/services\/"},{"@type":"ListItem","position":3,"name":"D\u00e9tection et R\u00e9paration de Fuites"}]},{"@type":"WebSite","@id":"https:\/\/tb-plomberie-conflans.fr\/#website","url":"https:\/\/tb-plomberie-conflans.fr\/","name":"TB PLOMBERIE","description":"Plombier \u00e0 Conflans Sainte Honorine (78)","potentialAction":[{"@type":"SearchAction","target":{"@type":"EntryPoint","urlTemplate":"https:\/\/tb-plomberie-conflans.fr\/?s={search_term_string}"},"query-input":"required name=search_term_string"}],"inLanguage":"en-US"}]}},"_links":{"self":[{"href":"https:\/\/tb-plomberie-conflans.fr\/index.php\/wp-json\/wp\/v2\/pages\/26","targetHints":{"allow":["GET"]}}],"collection":[{"href":"https:\/\/tb-plomberie-conflans.fr\/index.php\/wp-json\/wp\/v2\/pages"}],"about":[{"href":"https:\/\/tb-plomberie-conflans.fr\/index.php\/wp-json\/wp\/v2\/types\/page"}],"author":[{"embeddable":true,"href":"https:\/\/tb-plomberie-conflans.fr\/index.php\/wp-json\/wp\/v2\/users\/1"}],"replies":[{"embeddable":true,"href":"https:\/\/tb-plomberie-conflans.fr\/index.php\/wp-json\/wp\/v2\/comments?post=26"}],"version-history":[{"count":2,"href":"https:\/\/tb-plomberie-conflans.fr\/index.php\/wp-json\/wp\/v2\/pages\/26\/revisions"}],"predecessor-version":[{"id":935,"href":"https:\/\/tb-plomberie-conflans.fr\/index.php\/wp-json\/wp\/v2\/pages\/26\/revisions\/935"}],"up":[{"embeddable":true,"href":"https:\/\/tb-plomberie-conflans.fr\/index.php\/wp-json\/wp\/v2\/pages\/14"}],"wp:featuredmedia":[{"embeddable":true,"href":"https:\/\/tb-plomberie-conflans.fr\/index.php\/wp-json\/wp\/v2\/media\/749"}],"wp:attachment":[{"href":"https:\/\/tb-plomberie-conflans.fr\/index.php\/wp-json\/wp\/v2\/media?parent=26"}],"curies":[{"name":"wp","href":"https:\/\/api.w.org\/{rel}","templated":true}]}}